{"id":7,"date":"2026-04-10T09:23:24","date_gmt":"2026-04-10T09:23:24","guid":{"rendered":"https:\/\/pizzeriabilbao.rkinformatika.online\/?page_id=7"},"modified":"2026-04-10T14:18:55","modified_gmt":"2026-04-10T14:18:55","slug":"servicios","status":"publish","type":"page","link":"https:\/\/pizzeriabilbao.com\/eu\/servicios\/","title":{"rendered":"Zerbitzuak"},"content":{"rendered":"<div data-elementor-type=\"wp-page\" data-elementor-id=\"7\" class=\"elementor elementor-7\" data-elementor-post-type=\"page\">\n\t\t\t\t<div class=\"elementor-element elementor-element-79a4bc7 e-flex e-con-boxed e-con e-parent\" data-id=\"79a4bc7\" data-element_type=\"container\" data-e-type=\"container\" data-settings=\"{&quot;background_background&quot;:&quot;classic&quot;}\">\n\t\t\t\t\t<div class=\"e-con-inner\">\n\t\t<div class=\"elementor-element elementor-element-1cbb1ec e-con-full e-flex e-con e-child\" data-id=\"1cbb1ec\" data-element_type=\"container\" data-e-type=\"container\">\n\t\t\t\t<\/div>\n\t\t\t\t\t<\/div>\n\t\t\t\t<\/div>\n\t\t<div class=\"elementor-element elementor-element-54b2396 e-flex e-con-boxed elementor-invisible e-con e-parent\" data-id=\"54b2396\" data-element_type=\"container\" data-e-type=\"container\" data-settings=\"{&quot;background_background&quot;:&quot;classic&quot;,&quot;animation&quot;:&quot;fadeInRight&quot;}\">\n\t\t\t\t\t<div class=\"e-con-inner\">\n\t\t<div class=\"elementor-element elementor-element-07c2294 e-con-full e-flex e-con e-child\" data-id=\"07c2294\" data-element_type=\"container\" data-e-type=\"container\">\n\t\t\t\t<div class=\"elementor-element elementor-element-095a993 elementor-widget elementor-widget-heading\" data-id=\"095a993\" data-element_type=\"widget\" data-e-type=\"widget\" data-widget_type=\"heading.default\">\n\t\t\t\t\t<h2 class=\"elementor-heading-title elementor-size-default\">Ofrecemos muchas variedades<\/h2>\t\t\t\t<\/div>\n\t\t\t\t<div class=\"elementor-element elementor-element-9407418 elementor-widget elementor-widget-heading\" data-id=\"9407418\" data-element_type=\"widget\" data-e-type=\"widget\" data-widget_type=\"heading.default\">\n\t\t\t\t\t<h2 class=\"elementor-heading-title elementor-size-default\">Nuestras Variedades<\/h2>\t\t\t\t<\/div>\n\t\t\t\t<div class=\"elementor-element elementor-element-fcb240c elementor-widget elementor-widget-text-editor\" data-id=\"fcb240c\" data-element_type=\"widget\" data-e-type=\"widget\" data-widget_type=\"text-editor.default\">\n\t\t\t\t\t\t\t\t\t<p>Te ofrecemos una amplia variedad de deliciosas opciones culinarias, incluyendo Pizzas diferentes sabores, refrescos fr\u00edos, bocatas reci\u00e9n preparados, pollo asado jugoso, una raci\u00f3n generosa de patatas crujientes, kebabs sabrosos y tacos irresistibles llenos de sabor.<\/p>\t\t\t\t\t\t\t\t<\/div>\n\t\t\t\t<div class=\"elementor-element elementor-element-564cf3d elementor-arrows-position-inside elementor-pagination-position-outside elementor-widget elementor-widget-image-carousel\" data-id=\"564cf3d\" data-element_type=\"widget\" data-e-type=\"widget\" data-settings=\"{&quot;image_spacing_custom&quot;:{&quot;unit&quot;:&quot;px&quot;,&quot;size&quot;:5,&quot;sizes&quot;:[]},&quot;navigation&quot;:&quot;both&quot;,&quot;autoplay&quot;:&quot;yes&quot;,&quot;pause_on_hover&quot;:&quot;yes&quot;,&quot;pause_on_interaction&quot;:&quot;yes&quot;,&quot;autoplay_speed&quot;:5000,&quot;infinite&quot;:&quot;yes&quot;,&quot;speed&quot;:500,&quot;image_spacing_custom_tablet&quot;:{&quot;unit&quot;:&quot;px&quot;,&quot;size&quot;:&quot;&quot;,&quot;sizes&quot;:[]},&quot;image_spacing_custom_mobile&quot;:{&quot;unit&quot;:&quot;px&quot;,&quot;size&quot;:&quot;&quot;,&quot;sizes&quot;:[]}}\" data-widget_type=\"image-carousel.default\">\n\t\t\t\t\t\t\t<div class=\"elementor-image-carousel-wrapper swiper\" role=\"region\" aria-roledescription=\"carousel\" aria-label=\"Carrusel de im\u00e1genes\" dir=\"ltr\">\n\t\t\t<div class=\"elementor-image-carousel swiper-wrapper\" aria-live=\"off\">\n\t\t\t\t\t\t\t\t<div class=\"swiper-slide\" role=\"group\" aria-roledescription=\"slide\" aria-label=\"1 de 5\"><figure class=\"swiper-slide-inner\"><img decoding=\"async\" class=\"swiper-slide-image\" src=\"https:\/\/pizzeriabilbao.com\/wp-content\/uploads\/elementor\/thumbs\/2151950788-rlsyyh1war3swllm7qcr4qldkrl5n7nt2faks69tpc.jpg\" alt=\"2151950788\" \/><\/figure><\/div><div class=\"swiper-slide\" role=\"group\" aria-roledescription=\"slide\" aria-label=\"2 de 5\"><figure class=\"swiper-slide-inner\"><img decoding=\"async\" class=\"swiper-slide-image\" src=\"https:\/\/pizzeriabilbao.com\/wp-content\/uploads\/elementor\/thumbs\/28723-rlsyyf67x3189docipjhzr2gdzuf7tgce5zltmcm1s.jpg\" alt=\"28723\" \/><\/figure><\/div><div class=\"swiper-slide\" role=\"group\" aria-roledescription=\"slide\" aria-label=\"3 de 5\"><figure class=\"swiper-slide-inner\"><img decoding=\"async\" class=\"swiper-slide-image\" src=\"https:\/\/pizzeriabilbao.com\/wp-content\/uploads\/elementor\/thumbs\/58203-rlsyyah0ywusnbv6a5id5a95f2hl5bxopiq6f8jkww.jpg\" alt=\"58203\" \/><\/figure><\/div><div class=\"swiper-slide\" role=\"group\" aria-roledescription=\"slide\" aria-label=\"4 de 5\"><figure class=\"swiper-slide-inner\"><img decoding=\"async\" class=\"swiper-slide-image\" src=\"https:\/\/pizzeriabilbao.com\/wp-content\/uploads\/elementor\/thumbs\/homemade-bacon-cheeseburger-tacos-on-a-rustic-wood-2026-03-10-04-46-09-utc-scaled-rlsyarkfx6ng2o1cnhfi8pyu6wfvi1jj52xp0xfan4.jpg\" alt=\"Homemade Bacon Cheeseburger Tacos on a rustic wooden board on a black surface, top view. Flat lay, overhead, from above. Copy space.\" \/><\/figure><\/div><div class=\"swiper-slide\" role=\"group\" aria-roledescription=\"slide\" aria-label=\"5 de 5\"><figure class=\"swiper-slide-inner\"><img decoding=\"async\" class=\"swiper-slide-image\" src=\"https:\/\/pizzeriabilbao.com\/wp-content\/uploads\/elementor\/thumbs\/grilled-chicken-legs-grilled-bbq-chicken-legs-wit-2026-03-20-03-26-30-utc-scaled-rlsyamv8z0h0gm86exede95j7z31fk0vgfo9mjm9i8.jpg\" alt=\"Grilled chicken legs. Grilled BBQ chicken legs with sesame and parsley\" \/><\/figure><\/div>\t\t\t<\/div>\n\t\t\t\t\t\t\t\t\t\t\t\t<div class=\"elementor-swiper-button elementor-swiper-button-prev\" role=\"button\" tabindex=\"0\">\n\t\t\t\t\t\t<svg aria-hidden=\"true\" class=\"e-font-icon-svg e-eicon-chevron-left\" viewbox=\"0 0 1000 1000\" xmlns=\"http:\/\/www.w3.org\/2000\/svg\"><path d=\"M646 125C629 125 613 133 604 142L308 442C296 454 292 471 292 487 292 504 296 521 308 533L604 854C617 867 629 875 646 875 663 875 679 871 692 858 704 846 713 829 713 812 713 796 708 779 692 767L438 487 692 225C700 217 708 204 708 187 708 171 704 154 692 142 675 129 663 125 646 125Z\"><\/path><\/svg>\t\t\t\t\t<\/div>\n\t\t\t\t\t<div class=\"elementor-swiper-button elementor-swiper-button-next\" role=\"button\" tabindex=\"0\">\n\t\t\t\t\t\t<svg aria-hidden=\"true\" class=\"e-font-icon-svg e-eicon-chevron-right\" viewbox=\"0 0 1000 1000\" xmlns=\"http:\/\/www.w3.org\/2000\/svg\"><path d=\"M696 533C708 521 713 504 713 487 713 471 708 454 696 446L400 146C388 133 375 125 354 125 338 125 325 129 313 142 300 154 292 171 292 187 292 204 296 221 308 233L563 492 304 771C292 783 288 800 288 817 288 833 296 850 308 863 321 871 338 875 354 875 371 875 388 867 400 854L696 533Z\"><\/path><\/svg>\t\t\t\t\t<\/div>\n\t\t\t\t\n\t\t\t\t\t\t\t\t\t<div class=\"swiper-pagination\"><\/div>\n\t\t\t\t\t\t\t\t\t<\/div>\n\t\t\t\t\t\t<\/div>\n\t\t\t\t<\/div>\n\t\t\t\t\t<\/div>\n\t\t\t\t<\/div>\n\t\t<div class=\"elementor-element elementor-element-1ad6eb0 e-flex e-con-boxed e-con e-parent\" data-id=\"1ad6eb0\" data-element_type=\"container\" data-e-type=\"container\" data-settings=\"{&quot;background_background&quot;:&quot;classic&quot;}\">\n\t\t\t\t\t<div class=\"e-con-inner\">\n\t\t\t\t<div class=\"elementor-element elementor-element-4df38ee elementor-widget elementor-widget-heading\" data-id=\"4df38ee\" data-element_type=\"widget\" data-e-type=\"widget\" data-widget_type=\"heading.default\">\n\t\t\t\t\t<h2 class=\"elementor-heading-title elementor-size-default\">\u00a1Porque los mejores momentos empiezan con una mesa y una pizza al centro!<\/h2>\t\t\t\t<\/div>\n\t\t\t\t<div class=\"elementor-element elementor-element-86ad9fa elementor-tablet-align-center elementor-invisible elementor-widget elementor-widget-button\" data-id=\"86ad9fa\" data-element_type=\"widget\" data-e-type=\"widget\" data-settings=\"{&quot;_animation&quot;:&quot;fadeInLeft&quot;}\" data-widget_type=\"button.default\">\n\t\t\t\t\t\t\t\t\t\t<a class=\"elementor-button elementor-button-link elementor-size-sm elementor-animation-pop\" href=\"\/eu\/contacto\/\">\n\t\t\t\t\t\t<span class=\"elementor-button-content-wrapper\">\n\t\t\t\t\t\t\t\t\t<span class=\"elementor-button-text\">Cont\u00e1ctanos<\/span>\n\t\t\t\t\t<\/span>\n\t\t\t\t\t<\/a>\n\t\t\t\t\t\t\t\t<\/div>\n\t\t\t\t\t<\/div>\n\t\t\t\t<\/div>\n\t\t<div class=\"elementor-element elementor-element-3d5baf9 e-flex e-con-boxed elementor-invisible e-con e-parent\" data-id=\"3d5baf9\" data-element_type=\"container\" data-e-type=\"container\" data-settings=\"{&quot;background_background&quot;:&quot;classic&quot;,&quot;animation&quot;:&quot;fadeInRight&quot;}\">\n\t\t\t\t\t<div class=\"e-con-inner\">\n\t\t<div class=\"elementor-element elementor-element-0e63422 e-con-full e-flex e-con e-child\" data-id=\"0e63422\" data-element_type=\"container\" data-e-type=\"container\">\n\t\t\t\t<div class=\"elementor-element elementor-element-0720681 elementor-widget elementor-widget-heading\" data-id=\"0720681\" data-element_type=\"widget\" data-e-type=\"widget\" data-widget_type=\"heading.default\">\n\t\t\t\t\t<h2 class=\"elementor-heading-title elementor-size-default\">\u00a1Pizza para compartir, momentos para recordar!<\/h2>\t\t\t\t<\/div>\n\t\t\t\t<div class=\"elementor-element elementor-element-020a166 elementor-widget elementor-widget-heading\" data-id=\"020a166\" data-element_type=\"widget\" data-e-type=\"widget\" data-widget_type=\"heading.default\">\n\t\t\t\t\t<h2 class=\"elementor-heading-title elementor-size-default\">Galer\u00eda - Masa viva, sabor eterno<\/h2>\t\t\t\t<\/div>\n\t\t\t\t<div class=\"elementor-element elementor-element-e2f491c elementor-widget elementor-widget-gallery\" data-id=\"e2f491c\" data-element_type=\"widget\" data-e-type=\"widget\" data-settings=\"{&quot;lazyload&quot;:&quot;yes&quot;,&quot;gallery_layout&quot;:&quot;grid&quot;,&quot;columns&quot;:4,&quot;columns_tablet&quot;:2,&quot;columns_mobile&quot;:1,&quot;gap&quot;:{&quot;unit&quot;:&quot;px&quot;,&quot;size&quot;:10,&quot;sizes&quot;:[]},&quot;gap_tablet&quot;:{&quot;unit&quot;:&quot;px&quot;,&quot;size&quot;:10,&quot;sizes&quot;:[]},&quot;gap_mobile&quot;:{&quot;unit&quot;:&quot;px&quot;,&quot;size&quot;:10,&quot;sizes&quot;:[]},&quot;link_to&quot;:&quot;file&quot;,&quot;aspect_ratio&quot;:&quot;3:2&quot;,&quot;overlay_background&quot;:&quot;yes&quot;,&quot;content_hover_animation&quot;:&quot;fade-in&quot;}\" data-widget_type=\"gallery.default\">\n\t\t\t\t\t\t\t<div class=\"elementor-gallery__container\">\n\t\t\t\t\t\t\t<a class=\"e-gallery-item elementor-gallery-item elementor-animated-content\" href=\"https:\/\/pizzeriabilbao.com\/wp-content\/uploads\/2026\/04\/28723.jpg\" data-elementor-open-lightbox=\"yes\" data-elementor-lightbox-slideshow=\"e2f491c\" data-elementor-lightbox-title=\"28723\" data-e-action-hash=\"#elementor-action%3Aaction%3Dlightbox%26settings%3DeyJpZCI6MzE1LCJ1cmwiOiJodHRwczpcL1wvcGl6emVyaWFiaWxiYW8uY29tXC93cC1jb250ZW50XC91cGxvYWRzXC8yMDI2XC8wNFwvMjg3MjMuanBnIiwic2xpZGVzaG93IjoiZTJmNDkxYyJ9\">\n\t\t\t\t\t<div class=\"e-gallery-image elementor-gallery-item__image\" data-thumbnail=\"https:\/\/pizzeriabilbao.com\/wp-content\/uploads\/2026\/04\/28723.jpg\" data-width=\"1000\" data-height=\"670\" aria-label=\"\" role=\"img\" ><\/div>\n\t\t\t\t\t\t\t\t\t\t\t<div class=\"elementor-gallery-item__overlay\"><\/div>\n\t\t\t\t\t\t\t\t\t\t\t\t\t\t<\/a>\n\t\t\t\t\t\t\t<a class=\"e-gallery-item elementor-gallery-item elementor-animated-content\" href=\"https:\/\/pizzeriabilbao.com\/wp-content\/uploads\/2026\/04\/58203.jpg\" data-elementor-open-lightbox=\"yes\" data-elementor-lightbox-slideshow=\"e2f491c\" data-elementor-lightbox-title=\"58203\" data-e-action-hash=\"#elementor-action%3Aaction%3Dlightbox%26settings%3DeyJpZCI6MzEyLCJ1cmwiOiJodHRwczpcL1wvcGl6emVyaWFiaWxiYW8uY29tXC93cC1jb250ZW50XC91cGxvYWRzXC8yMDI2XC8wNFwvNTgyMDMuanBnIiwic2xpZGVzaG93IjoiZTJmNDkxYyJ9\">\n\t\t\t\t\t<div class=\"e-gallery-image elementor-gallery-item__image\" data-thumbnail=\"https:\/\/pizzeriabilbao.com\/wp-content\/uploads\/2026\/04\/58203.jpg\" data-width=\"1000\" data-height=\"667\" aria-label=\"\" role=\"img\" ><\/div>\n\t\t\t\t\t\t\t\t\t\t\t<div class=\"elementor-gallery-item__overlay\"><\/div>\n\t\t\t\t\t\t\t\t\t\t\t\t\t\t<\/a>\n\t\t\t\t\t\t\t<a class=\"e-gallery-item elementor-gallery-item elementor-animated-content\" href=\"https:\/\/pizzeriabilbao.com\/wp-content\/uploads\/2026\/04\/homemade-salami-pizza-with-cheese-corners-2026-03-09-06-52-04-utc-scaled.jpg\" data-elementor-open-lightbox=\"yes\" data-elementor-lightbox-slideshow=\"e2f491c\" data-elementor-lightbox-title=\"Homemade salami pizza with cheese corners\" data-e-action-hash=\"#elementor-action%3Aaction%3Dlightbox%26settings%3DeyJpZCI6MzAzLCJ1cmwiOiJodHRwczpcL1wvcGl6emVyaWFiaWxiYW8uY29tXC93cC1jb250ZW50XC91cGxvYWRzXC8yMDI2XC8wNFwvaG9tZW1hZGUtc2FsYW1pLXBpenphLXdpdGgtY2hlZXNlLWNvcm5lcnMtMjAyNi0wMy0wOS0wNi01Mi0wNC11dGMtc2NhbGVkLmpwZyIsInNsaWRlc2hvdyI6ImUyZjQ5MWMifQ%3D%3D\">\n\t\t\t\t\t<div class=\"e-gallery-image elementor-gallery-item__image\" data-thumbnail=\"https:\/\/pizzeriabilbao.com\/wp-content\/uploads\/2026\/04\/homemade-salami-pizza-with-cheese-corners-2026-03-09-06-52-04-utc-scaled.jpg\" data-width=\"2560\" data-height=\"1696\" aria-label=\"\" role=\"img\" ><\/div>\n\t\t\t\t\t\t\t\t\t\t\t<div class=\"elementor-gallery-item__overlay\"><\/div>\n\t\t\t\t\t\t\t\t\t\t\t\t\t\t<\/a>\n\t\t\t\t\t\t\t<a class=\"e-gallery-item elementor-gallery-item elementor-animated-content\" href=\"https:\/\/pizzeriabilbao.com\/wp-content\/uploads\/2026\/04\/homemade-bacon-cheeseburger-tacos-on-a-rustic-wood-2026-03-10-04-46-09-utc-scaled.jpg\" data-elementor-open-lightbox=\"yes\" data-elementor-lightbox-slideshow=\"e2f491c\" data-elementor-lightbox-title=\"Homemade Bacon Cheeseburger Tacos on a rustic wooden board on a\" data-e-action-hash=\"#elementor-action%3Aaction%3Dlightbox%26settings%3DeyJpZCI6MzAxLCJ1cmwiOiJodHRwczpcL1wvcGl6emVyaWFiaWxiYW8uY29tXC93cC1jb250ZW50XC91cGxvYWRzXC8yMDI2XC8wNFwvaG9tZW1hZGUtYmFjb24tY2hlZXNlYnVyZ2VyLXRhY29zLW9uLWEtcnVzdGljLXdvb2QtMjAyNi0wMy0xMC0wNC00Ni0wOS11dGMtc2NhbGVkLmpwZyIsInNsaWRlc2hvdyI6ImUyZjQ5MWMifQ%3D%3D\">\n\t\t\t\t\t<div class=\"e-gallery-image elementor-gallery-item__image\" data-thumbnail=\"https:\/\/pizzeriabilbao.com\/wp-content\/uploads\/2026\/04\/homemade-bacon-cheeseburger-tacos-on-a-rustic-wood-2026-03-10-04-46-09-utc-scaled.jpg\" data-width=\"2560\" data-height=\"1707\" aria-label=\"\" role=\"img\" ><\/div>\n\t\t\t\t\t\t\t\t\t\t\t<div class=\"elementor-gallery-item__overlay\"><\/div>\n\t\t\t\t\t\t\t\t\t\t\t\t\t\t<\/a>\n\t\t\t\t\t\t\t<a class=\"e-gallery-item elementor-gallery-item elementor-animated-content\" href=\"https:\/\/pizzeriabilbao.com\/wp-content\/uploads\/2026\/04\/grilled-chicken-legs-grilled-bbq-chicken-legs-wit-2026-03-20-03-26-30-utc-scaled.jpg\" data-elementor-open-lightbox=\"yes\" data-elementor-lightbox-slideshow=\"e2f491c\" data-elementor-lightbox-title=\"Grilled chicken legs. Grilled BBQ chicken legs with sesame and parsley\" data-e-action-hash=\"#elementor-action%3Aaction%3Dlightbox%26settings%3DeyJpZCI6MzAwLCJ1cmwiOiJodHRwczpcL1wvcGl6emVyaWFiaWxiYW8uY29tXC93cC1jb250ZW50XC91cGxvYWRzXC8yMDI2XC8wNFwvZ3JpbGxlZC1jaGlja2VuLWxlZ3MtZ3JpbGxlZC1iYnEtY2hpY2tlbi1sZWdzLXdpdC0yMDI2LTAzLTIwLTAzLTI2LTMwLXV0Yy1zY2FsZWQuanBnIiwic2xpZGVzaG93IjoiZTJmNDkxYyJ9\">\n\t\t\t\t\t<div class=\"e-gallery-image elementor-gallery-item__image\" data-thumbnail=\"https:\/\/pizzeriabilbao.com\/wp-content\/uploads\/2026\/04\/grilled-chicken-legs-grilled-bbq-chicken-legs-wit-2026-03-20-03-26-30-utc-scaled.jpg\" data-width=\"2560\" data-height=\"1707\" aria-label=\"\" role=\"img\" ><\/div>\n\t\t\t\t\t\t\t\t\t\t\t<div class=\"elementor-gallery-item__overlay\"><\/div>\n\t\t\t\t\t\t\t\t\t\t\t\t\t\t<\/a>\n\t\t\t\t\t<\/div>\n\t\t\t\t\t<\/div>\n\t\t\t\t<\/div>\n\t\t\t\t\t<\/div>\n\t\t\t\t<\/div>\n\t\t\t\t<\/div>","protected":false},"excerpt":{"rendered":"<p>Ofrecemos muchas variedades Nuestras Variedades Te ofrecemos una amplia variedad de deliciosas opciones culinarias, incluyendo Pizzas diferentes sabores, refrescos fr\u00edos, bocatas reci\u00e9n preparados, pollo asado jugoso, una raci\u00f3n generosa de patatas crujientes, kebabs sabrosos y tacos irresistibles llenos de sabor. \u00a1Porque los mejores momentos empiezan con una mesa y una pizza al centro! Cont\u00e1ctanos \u00a1Pizza [&hellip;]<\/p>\n","protected":false},"author":1,"featured_media":0,"parent":0,"menu_order":0,"comment_status":"closed","ping_status":"closed","template":"elementor_canvas","meta":{"footnotes":""},"class_list":["post-7","page","type-page","status-publish","hentry"],"yoast_head":"<!-- This site is optimized with the Yoast SEO plugin v27.4 - https:\/\/yoast.com\/product\/yoast-seo-wordpress\/ -->\n<title>Servicios - Pizzeria Bilbao<\/title>\n<meta name=\"robots\" content=\"index, follow, max-snippet:-1, max-image-preview:large, max-video-preview:-1\" \/>\n<link rel=\"canonical\" href=\"https:\/\/pizzeriabilbao.com\/eu\/servicios\/\" \/>\n<meta property=\"og:locale\" content=\"en_US\" \/>\n<meta property=\"og:type\" content=\"article\" \/>\n<meta property=\"og:title\" content=\"Servicios - Pizzeria Bilbao\" \/>\n<meta property=\"og:description\" content=\"Ofrecemos muchas variedades Nuestras Variedades Te ofrecemos una amplia variedad de deliciosas opciones culinarias, incluyendo Pizzas diferentes sabores, refrescos fr\u00edos, bocatas reci\u00e9n preparados, pollo asado jugoso, una raci\u00f3n generosa de patatas crujientes, kebabs sabrosos y tacos irresistibles llenos de sabor. \u00a1Porque los mejores momentos empiezan con una mesa y una pizza al centro! Cont\u00e1ctanos \u00a1Pizza [&hellip;]\" \/>\n<meta property=\"og:url\" content=\"https:\/\/pizzeriabilbao.com\/eu\/servicios\/\" \/>\n<meta property=\"og:site_name\" content=\"Pizzeria Bilbao\" \/>\n<meta property=\"article:modified_time\" content=\"2026-04-10T14:18:55+00:00\" \/>\n<meta property=\"og:image\" content=\"https:\/\/pizzeriabilbao.com\/wp-content\/uploads\/elementor\/thumbs\/2151950788-rlsyyh1war3swllm7qcr4qldkrl5n7nt2faks69tpc.jpg\" \/>\n<meta name=\"twitter:card\" content=\"summary_large_image\" \/>\n<meta name=\"twitter:label1\" content=\"Est. reading time\" \/>\n\t<meta name=\"twitter:data1\" content=\"3 minutua\" \/>\n<script type=\"application\/ld+json\" class=\"yoast-schema-graph\">{\"@context\":\"https:\\\/\\\/schema.org\",\"@graph\":[{\"@type\":\"WebPage\",\"@id\":\"https:\\\/\\\/pizzeriabilbao.com\\\/servicios\\\/\",\"url\":\"https:\\\/\\\/pizzeriabilbao.com\\\/servicios\\\/\",\"name\":\"Servicios - Pizzeria Bilbao\",\"isPartOf\":{\"@id\":\"https:\\\/\\\/pizzeriabilbao.com\\\/#website\"},\"primaryImageOfPage\":{\"@id\":\"https:\\\/\\\/pizzeriabilbao.com\\\/servicios\\\/#primaryimage\"},\"image\":{\"@id\":\"https:\\\/\\\/pizzeriabilbao.com\\\/servicios\\\/#primaryimage\"},\"thumbnailUrl\":\"https:\\\/\\\/pizzeriabilbao.com\\\/wp-content\\\/uploads\\\/elementor\\\/thumbs\\\/2151950788-rlsyyh1war3swllm7qcr4qldkrl5n7nt2faks69tpc.jpg\",\"datePublished\":\"2026-04-10T09:23:24+00:00\",\"dateModified\":\"2026-04-10T14:18:55+00:00\",\"breadcrumb\":{\"@id\":\"https:\\\/\\\/pizzeriabilbao.com\\\/servicios\\\/#breadcrumb\"},\"inLanguage\":\"eu\",\"potentialAction\":[{\"@type\":\"ReadAction\",\"target\":[\"https:\\\/\\\/pizzeriabilbao.com\\\/servicios\\\/\"]}]},{\"@type\":\"ImageObject\",\"inLanguage\":\"eu\",\"@id\":\"https:\\\/\\\/pizzeriabilbao.com\\\/servicios\\\/#primaryimage\",\"url\":\"https:\\\/\\\/pizzeriabilbao.com\\\/wp-content\\\/uploads\\\/elementor\\\/thumbs\\\/2151950788-rlsyyh1war3swllm7qcr4qldkrl5n7nt2faks69tpc.jpg\",\"contentUrl\":\"https:\\\/\\\/pizzeriabilbao.com\\\/wp-content\\\/uploads\\\/elementor\\\/thumbs\\\/2151950788-rlsyyh1war3swllm7qcr4qldkrl5n7nt2faks69tpc.jpg\"},{\"@type\":\"BreadcrumbList\",\"@id\":\"https:\\\/\\\/pizzeriabilbao.com\\\/servicios\\\/#breadcrumb\",\"itemListElement\":[{\"@type\":\"ListItem\",\"position\":1,\"name\":\"Portada\",\"item\":\"https:\\\/\\\/pizzeriabilbao.com\\\/\"},{\"@type\":\"ListItem\",\"position\":2,\"name\":\"Servicios\"}]},{\"@type\":\"WebSite\",\"@id\":\"https:\\\/\\\/pizzeriabilbao.com\\\/#website\",\"url\":\"https:\\\/\\\/pizzeriabilbao.com\\\/\",\"name\":\"Pizzeria Bilbao\",\"description\":\"Pizzeria Bilbao\",\"publisher\":{\"@id\":\"https:\\\/\\\/pizzeriabilbao.com\\\/#organization\"},\"potentialAction\":[{\"@type\":\"SearchAction\",\"target\":{\"@type\":\"EntryPoint\",\"urlTemplate\":\"https:\\\/\\\/pizzeriabilbao.com\\\/?s={search_term_string}\"},\"query-input\":{\"@type\":\"PropertyValueSpecification\",\"valueRequired\":true,\"valueName\":\"search_term_string\"}}],\"inLanguage\":\"eu\"},{\"@type\":\"Organization\",\"@id\":\"https:\\\/\\\/pizzeriabilbao.com\\\/#organization\",\"name\":\"Pizzeria Bilbao\",\"url\":\"https:\\\/\\\/pizzeriabilbao.com\\\/\",\"logo\":{\"@type\":\"ImageObject\",\"inLanguage\":\"eu\",\"@id\":\"https:\\\/\\\/pizzeriabilbao.com\\\/#\\\/schema\\\/logo\\\/image\\\/\",\"url\":\"https:\\\/\\\/pizzeriabilbao.com\\\/wp-content\\\/uploads\\\/2026\\\/04\\\/logo_web.png\",\"contentUrl\":\"https:\\\/\\\/pizzeriabilbao.com\\\/wp-content\\\/uploads\\\/2026\\\/04\\\/logo_web.png\",\"width\":1080,\"height\":1080,\"caption\":\"Pizzeria Bilbao\"},\"image\":{\"@id\":\"https:\\\/\\\/pizzeriabilbao.com\\\/#\\\/schema\\\/logo\\\/image\\\/\"}}]}<\/script>\n<!-- \/ Yoast SEO plugin. -->","yoast_head_json":{"title":"Servicios - Pizzeria Bilbao","robots":{"index":"index","follow":"follow","max-snippet":"max-snippet:-1","max-image-preview":"max-image-preview:large","max-video-preview":"max-video-preview:-1"},"canonical":"https:\/\/pizzeriabilbao.com\/eu\/servicios\/","og_locale":"en_US","og_type":"article","og_title":"Servicios - Pizzeria Bilbao","og_description":"Ofrecemos muchas variedades Nuestras Variedades Te ofrecemos una amplia variedad de deliciosas opciones culinarias, incluyendo Pizzas diferentes sabores, refrescos fr\u00edos, bocatas reci\u00e9n preparados, pollo asado jugoso, una raci\u00f3n generosa de patatas crujientes, kebabs sabrosos y tacos irresistibles llenos de sabor. \u00a1Porque los mejores momentos empiezan con una mesa y una pizza al centro! Cont\u00e1ctanos \u00a1Pizza [&hellip;]","og_url":"https:\/\/pizzeriabilbao.com\/eu\/servicios\/","og_site_name":"Pizzeria Bilbao","article_modified_time":"2026-04-10T14:18:55+00:00","og_image":[{"url":"https:\/\/pizzeriabilbao.com\/wp-content\/uploads\/elementor\/thumbs\/2151950788-rlsyyh1war3swllm7qcr4qldkrl5n7nt2faks69tpc.jpg","type":"","width":"","height":""}],"twitter_card":"summary_large_image","twitter_misc":{"Est. reading time":"3 minutua"},"schema":{"@context":"https:\/\/schema.org","@graph":[{"@type":"WebPage","@id":"https:\/\/pizzeriabilbao.com\/servicios\/","url":"https:\/\/pizzeriabilbao.com\/servicios\/","name":"Servicios - Pizzeria Bilbao","isPartOf":{"@id":"https:\/\/pizzeriabilbao.com\/#website"},"primaryImageOfPage":{"@id":"https:\/\/pizzeriabilbao.com\/servicios\/#primaryimage"},"image":{"@id":"https:\/\/pizzeriabilbao.com\/servicios\/#primaryimage"},"thumbnailUrl":"https:\/\/pizzeriabilbao.com\/wp-content\/uploads\/elementor\/thumbs\/2151950788-rlsyyh1war3swllm7qcr4qldkrl5n7nt2faks69tpc.jpg","datePublished":"2026-04-10T09:23:24+00:00","dateModified":"2026-04-10T14:18:55+00:00","breadcrumb":{"@id":"https:\/\/pizzeriabilbao.com\/servicios\/#breadcrumb"},"inLanguage":"eu","potentialAction":[{"@type":"ReadAction","target":["https:\/\/pizzeriabilbao.com\/servicios\/"]}]},{"@type":"ImageObject","inLanguage":"eu","@id":"https:\/\/pizzeriabilbao.com\/servicios\/#primaryimage","url":"https:\/\/pizzeriabilbao.com\/wp-content\/uploads\/elementor\/thumbs\/2151950788-rlsyyh1war3swllm7qcr4qldkrl5n7nt2faks69tpc.jpg","contentUrl":"https:\/\/pizzeriabilbao.com\/wp-content\/uploads\/elementor\/thumbs\/2151950788-rlsyyh1war3swllm7qcr4qldkrl5n7nt2faks69tpc.jpg"},{"@type":"BreadcrumbList","@id":"https:\/\/pizzeriabilbao.com\/servicios\/#breadcrumb","itemListElement":[{"@type":"ListItem","position":1,"name":"Portada","item":"https:\/\/pizzeriabilbao.com\/"},{"@type":"ListItem","position":2,"name":"Servicios"}]},{"@type":"WebSite","@id":"https:\/\/pizzeriabilbao.com\/#website","url":"https:\/\/pizzeriabilbao.com\/","name":"Pizzeria Bilbao","description":"Pizzeria Bilbao","publisher":{"@id":"https:\/\/pizzeriabilbao.com\/#organization"},"potentialAction":[{"@type":"SearchAction","target":{"@type":"EntryPoint","urlTemplate":"https:\/\/pizzeriabilbao.com\/?s={search_term_string}"},"query-input":{"@type":"PropertyValueSpecification","valueRequired":true,"valueName":"search_term_string"}}],"inLanguage":"eu"},{"@type":"Organization","@id":"https:\/\/pizzeriabilbao.com\/#organization","name":"Pizzeria Bilbao","url":"https:\/\/pizzeriabilbao.com\/","logo":{"@type":"ImageObject","inLanguage":"eu","@id":"https:\/\/pizzeriabilbao.com\/#\/schema\/logo\/image\/","url":"https:\/\/pizzeriabilbao.com\/wp-content\/uploads\/2026\/04\/logo_web.png","contentUrl":"https:\/\/pizzeriabilbao.com\/wp-content\/uploads\/2026\/04\/logo_web.png","width":1080,"height":1080,"caption":"Pizzeria Bilbao"},"image":{"@id":"https:\/\/pizzeriabilbao.com\/#\/schema\/logo\/image\/"}}]}},"_links":{"self":[{"href":"https:\/\/pizzeriabilbao.com\/eu\/wp-json\/wp\/v2\/pages\/7","targetHints":{"allow":["GET"]}}],"collection":[{"href":"https:\/\/pizzeriabilbao.com\/eu\/wp-json\/wp\/v2\/pages"}],"about":[{"href":"https:\/\/pizzeriabilbao.com\/eu\/wp-json\/wp\/v2\/types\/page"}],"author":[{"embeddable":true,"href":"https:\/\/pizzeriabilbao.com\/eu\/wp-json\/wp\/v2\/users\/1"}],"replies":[{"embeddable":true,"href":"https:\/\/pizzeriabilbao.com\/eu\/wp-json\/wp\/v2\/comments?post=7"}],"version-history":[{"count":61,"href":"https:\/\/pizzeriabilbao.com\/eu\/wp-json\/wp\/v2\/pages\/7\/revisions"}],"predecessor-version":[{"id":363,"href":"https:\/\/pizzeriabilbao.com\/eu\/wp-json\/wp\/v2\/pages\/7\/revisions\/363"}],"wp:attachment":[{"href":"https:\/\/pizzeriabilbao.com\/eu\/wp-json\/wp\/v2\/media?parent=7"}],"curies":[{"name":"wp","href":"https:\/\/api.w.org\/{rel}","templated":true}]}}