{"id":2,"date":"2026-04-10T09:12:03","date_gmt":"2026-04-10T09:12:03","guid":{"rendered":"https:\/\/pizzeriabilbao.rkinformatika.online\/?page_id=2"},"modified":"2026-04-10T13:48:20","modified_gmt":"2026-04-10T13:48:20","slug":"inicio","status":"publish","type":"page","link":"https:\/\/pizzeriabilbao.com\/eu\/","title":{"rendered":"Hasiera"},"content":{"rendered":"<div data-elementor-type=\"wp-page\" data-elementor-id=\"2\" class=\"elementor elementor-2\" data-elementor-post-type=\"page\">\n\t\t\t\t<div class=\"elementor-element elementor-element-dec2370 e-flex e-con-boxed e-con e-parent\" data-id=\"dec2370\" data-element_type=\"container\" data-e-type=\"container\" data-settings=\"{&quot;background_background&quot;:&quot;classic&quot;}\">\n\t\t\t\t\t<div class=\"e-con-inner\">\n\t\t<div class=\"elementor-element elementor-element-52058a1 e-con-full e-flex e-con e-child\" data-id=\"52058a1\" data-element_type=\"container\" data-e-type=\"container\">\n\t\t\t\t<div class=\"elementor-element elementor-element-a7283c5 elementor-invisible elementor-widget elementor-widget-heading\" data-id=\"a7283c5\" data-element_type=\"widget\" data-e-type=\"widget\" data-settings=\"{&quot;_animation&quot;:&quot;fadeInLeft&quot;}\" data-widget_type=\"heading.default\">\n\t\t\t\t\t<h2 class=\"elementor-heading-title elementor-size-default\">Bilboko pizza onenak!<\/h2>\t\t\t\t<\/div>\n\t\t\t\t<\/div>\n\t\t\t\t\t<\/div>\n\t\t\t\t<\/div>\n\t\t<div class=\"elementor-element elementor-element-cbb76b7 e-flex e-con-boxed elementor-invisible e-con e-parent\" data-id=\"cbb76b7\" data-element_type=\"container\" data-e-type=\"container\" data-settings=\"{&quot;background_background&quot;:&quot;classic&quot;,&quot;animation&quot;:&quot;fadeInLeft&quot;}\">\n\t\t\t\t\t<div class=\"e-con-inner\">\n\t\t<div class=\"elementor-element elementor-element-d2e1ea8 e-con-full e-flex e-con e-child\" data-id=\"d2e1ea8\" data-element_type=\"container\" data-e-type=\"container\">\n\t\t\t\t<div class=\"elementor-element elementor-element-a0a5c17 elementor-widget elementor-widget-heading\" data-id=\"a0a5c17\" data-element_type=\"widget\" data-e-type=\"widget\" data-widget_type=\"heading.default\">\n\t\t\t\t\t<h2 class=\"elementor-heading-title elementor-size-default\">Nor gara?<\/h2>\t\t\t\t<\/div>\n\t\t\t\t<div class=\"elementor-element elementor-element-94d889c elementor-widget elementor-widget-heading\" data-id=\"94d889c\" data-element_type=\"widget\" data-e-type=\"widget\" data-widget_type=\"heading.default\">\n\t\t\t\t\t<h2 class=\"elementor-heading-title elementor-size-default\">Pizzeria<\/h2>\t\t\t\t<\/div>\n\t\t\t\t<div class=\"elementor-element elementor-element-c342fde elementor-widget elementor-widget-text-editor\" data-id=\"c342fde\" data-element_type=\"widget\" data-e-type=\"widget\" data-widget_type=\"text-editor.default\">\n\t\t\t\t\t\t\t\t\t<p>Gure pizzeriak 3\/4 urte inguru daramatza gure bezeroak gozatzen Bilboko alde zaharrean, non sukaldaritzako tradizioa une onak partekatzearen pozarekin nahasten den.<\/p>\t\t\t\t\t\t\t\t<\/div>\n\t\t\t\t<\/div>\n\t\t<div class=\"elementor-element elementor-element-8e3703b e-con-full e-flex e-con e-child\" data-id=\"8e3703b\" data-element_type=\"container\" data-e-type=\"container\">\n\t\t\t\t<div class=\"elementor-element elementor-element-0f84fa8 elementor-flip-box--effect-fade elementor-widget elementor-widget-flip-box\" data-id=\"0f84fa8\" data-element_type=\"widget\" data-e-type=\"widget\" data-widget_type=\"flip-box.default\">\n\t\t\t\t\t\t\t<div class=\"elementor-flip-box\" tabindex=\"0\">\n\t\t\t<div class=\"elementor-flip-box__layer elementor-flip-box__front\">\n\t\t\t\t<div class=\"elementor-flip-box__layer__overlay\">\n\t\t\t\t\t<div class=\"elementor-flip-box__layer__inner\">\n\t\t\t\t\t\t\n\t\t\t\t\t\t\n\t\t\t\t\t\t\t\t\t\t\t<\/div>\n\t\t\t\t<\/div>\n\t\t\t<\/div>\n\t\t\t<div class=\"elementor-flip-box__layer elementor-flip-box__back\">\n\t\t\t<div class=\"elementor-flip-box__layer__overlay\">\n\t\t\t\t<div class=\"elementor-flip-box__layer__inner\">\n\t\t\t\t\t\n\t\t\t\t\t\n\t\t\t\t\t\t\t\t<\/div>\n\t\t<\/div>\n\t\t<\/div>\n\t\t<\/div>\n\t\t\t\t\t\t<\/div>\n\t\t\t\t<\/div>\n\t\t\t\t\t<\/div>\n\t\t\t\t<\/div>\n\t\t<div class=\"elementor-element elementor-element-d261359 e-flex e-con-boxed e-con e-parent\" data-id=\"d261359\" data-element_type=\"container\" data-e-type=\"container\" data-settings=\"{&quot;background_background&quot;:&quot;classic&quot;}\">\n\t\t\t\t\t<div class=\"e-con-inner\">\n\t\t\t\t<div class=\"elementor-element elementor-element-287bbc7 elementor-invisible elementor-widget elementor-widget-heading\" data-id=\"287bbc7\" data-element_type=\"widget\" data-e-type=\"widget\" data-settings=\"{&quot;_animation&quot;:&quot;fadeInRight&quot;}\" data-widget_type=\"heading.default\">\n\t\t\t\t\t<h2 class=\"elementor-heading-title elementor-size-default\">Non osagai bakoitzak helburu bat duen eta mokadu bakoitzak istorio bat!<\/h2>\t\t\t\t<\/div>\n\t\t\t\t<div class=\"elementor-element elementor-element-0883a5e elementor-tablet-align-center elementor-invisible elementor-widget elementor-widget-button\" data-id=\"0883a5e\" data-element_type=\"widget\" data-e-type=\"widget\" data-settings=\"{&quot;_animation&quot;:&quot;fadeInLeft&quot;}\" data-widget_type=\"button.default\">\n\t\t\t\t\t\t\t\t\t\t<a class=\"elementor-button elementor-button-link elementor-size-sm elementor-animation-pop\" href=\"\/eu\/servicios\/\">\n\t\t\t\t\t\t<span class=\"elementor-button-content-wrapper\">\n\t\t\t\t\t\t\t\t\t<span class=\"elementor-button-text\">Zerbitzuak<\/span>\n\t\t\t\t\t<\/span>\n\t\t\t\t\t<\/a>\n\t\t\t\t\t\t\t\t<\/div>\n\t\t\t\t\t<\/div>\n\t\t\t\t<\/div>\n\t\t<div class=\"elementor-element elementor-element-65ef420 e-flex e-con-boxed elementor-invisible e-con e-parent\" data-id=\"65ef420\" data-element_type=\"container\" data-e-type=\"container\" data-settings=\"{&quot;background_background&quot;:&quot;classic&quot;,&quot;animation&quot;:&quot;fadeInLeft&quot;}\">\n\t\t\t\t\t<div class=\"e-con-inner\">\n\t\t<div class=\"elementor-element elementor-element-9274628 e-con-full e-flex e-con e-child\" data-id=\"9274628\" data-element_type=\"container\" data-e-type=\"container\">\n\t\t\t\t<div class=\"elementor-element elementor-element-98ec3ad elementor-flip-box--effect-fade elementor-widget elementor-widget-flip-box\" data-id=\"98ec3ad\" data-element_type=\"widget\" data-e-type=\"widget\" data-widget_type=\"flip-box.default\">\n\t\t\t\t\t\t\t<div class=\"elementor-flip-box\" tabindex=\"0\">\n\t\t\t<div class=\"elementor-flip-box__layer elementor-flip-box__front\">\n\t\t\t\t<div class=\"elementor-flip-box__layer__overlay\">\n\t\t\t\t\t<div class=\"elementor-flip-box__layer__inner\">\n\t\t\t\t\t\t\n\t\t\t\t\t\t\n\t\t\t\t\t\t\t\t\t\t\t<\/div>\n\t\t\t\t<\/div>\n\t\t\t<\/div>\n\t\t\t<div class=\"elementor-flip-box__layer elementor-flip-box__back\">\n\t\t\t<div class=\"elementor-flip-box__layer__overlay\">\n\t\t\t\t<div class=\"elementor-flip-box__layer__inner\">\n\t\t\t\t\t\n\t\t\t\t\t\n\t\t\t\t\t\t\t\t<\/div>\n\t\t<\/div>\n\t\t<\/div>\n\t\t<\/div>\n\t\t\t\t\t\t<\/div>\n\t\t\t\t<\/div>\n\t\t<div class=\"elementor-element elementor-element-a90c8f4 e-con-full e-flex e-con e-child\" data-id=\"a90c8f4\" data-element_type=\"container\" data-e-type=\"container\">\n\t\t\t\t<div class=\"elementor-element elementor-element-f9029f9 elementor-widget elementor-widget-heading\" data-id=\"f9029f9\" data-element_type=\"widget\" data-e-type=\"widget\" data-widget_type=\"heading.default\">\n\t\t\t\t\t<h2 class=\"elementor-heading-title elementor-size-default\">Denak biltzen dituen zaporea!<\/h2>\t\t\t\t<\/div>\n\t\t\t\t<div class=\"elementor-element elementor-element-7dc2f05 elementor-widget elementor-widget-heading\" data-id=\"7dc2f05\" data-element_type=\"widget\" data-e-type=\"widget\" data-widget_type=\"heading.default\">\n\t\t\t\t\t<h2 class=\"elementor-heading-title elementor-size-default\">Konpromisoa<\/h2>\t\t\t\t<\/div>\n\t\t\t\t<div class=\"elementor-element elementor-element-cf89249 elementor-widget elementor-widget-text-editor\" data-id=\"cf89249\" data-element_type=\"widget\" data-e-type=\"widget\" data-widget_type=\"text-editor.default\">\n\t\t\t\t\t\t\t\t\t<p>Gure konpromisoa sektoreko pizza onenak eta gozoenak zerbitzatzea da, osagai freskoak eta kalitate handikoak soilik erabiliz, esperientzia gastronomiko paregabea bermatzeko.<\/p>\t\t\t\t\t\t\t\t<\/div>\n\t\t\t\t<\/div>\n\t\t\t\t\t<\/div>\n\t\t\t\t<\/div>\n\t\t\t\t<\/div>","protected":false},"excerpt":{"rendered":"<p>\u00a1Las mejores Pizzas de Bilbo! \u00bfQui\u00e9nes Somos? Pizzer\u00eda Somos una pizzer\u00eda que lleva unos 3\/4 a\u00f1os deleitando a nuestros clientes en el encantador casco viejo de Bilbao, donde la tradici\u00f3n culinaria se mezcla con la alegr\u00eda de compartir buenos momentos. \u00a1Donde cada ingrediente tiene un prop\u00f3sito y cada bocado una historia! Servicios \u00a1El sabor que [&hellip;]<\/p>\n","protected":false},"author":1,"featured_media":0,"parent":0,"menu_order":0,"comment_status":"closed","ping_status":"closed","template":"elementor_canvas","meta":{"footnotes":""},"class_list":["post-2","page","type-page","status-publish","hentry"],"yoast_head":"<!-- This site is optimized with the Yoast SEO plugin v27.4 - https:\/\/yoast.com\/product\/yoast-seo-wordpress\/ -->\n<title>Inicio - Pizzeria Bilbao<\/title>\n<meta name=\"robots\" content=\"index, follow, max-snippet:-1, max-image-preview:large, max-video-preview:-1\" \/>\n<link rel=\"canonical\" href=\"https:\/\/pizzeriabilbao.com\/eu\/\" \/>\n<meta property=\"og:locale\" content=\"en_US\" \/>\n<meta property=\"og:type\" content=\"article\" \/>\n<meta property=\"og:title\" content=\"Inicio - Pizzeria Bilbao\" \/>\n<meta property=\"og:description\" content=\"\u00a1Las mejores Pizzas de Bilbo! \u00bfQui\u00e9nes Somos? Pizzer\u00eda Somos una pizzer\u00eda que lleva unos 3\/4 a\u00f1os deleitando a nuestros clientes en el encantador casco viejo de Bilbao, donde la tradici\u00f3n culinaria se mezcla con la alegr\u00eda de compartir buenos momentos. \u00a1Donde cada ingrediente tiene un prop\u00f3sito y cada bocado una historia! Servicios \u00a1El sabor que [&hellip;]\" \/>\n<meta property=\"og:url\" content=\"https:\/\/pizzeriabilbao.com\/eu\/\" \/>\n<meta property=\"og:site_name\" content=\"Pizzeria Bilbao\" \/>\n<meta property=\"article:modified_time\" content=\"2026-04-10T13:48:20+00:00\" \/>\n<meta name=\"twitter:card\" content=\"summary_large_image\" \/>\n<meta name=\"twitter:label1\" content=\"Est. reading time\" \/>\n\t<meta name=\"twitter:data1\" content=\"1 minutua\" \/>\n<script type=\"application\/ld+json\" class=\"yoast-schema-graph\">{\"@context\":\"https:\\\/\\\/schema.org\",\"@graph\":[{\"@type\":\"WebPage\",\"@id\":\"https:\\\/\\\/pizzeriabilbao.com\\\/\",\"url\":\"https:\\\/\\\/pizzeriabilbao.com\\\/\",\"name\":\"Inicio - Pizzeria Bilbao\",\"isPartOf\":{\"@id\":\"https:\\\/\\\/pizzeriabilbao.com\\\/#website\"},\"datePublished\":\"2026-04-10T09:12:03+00:00\",\"dateModified\":\"2026-04-10T13:48:20+00:00\",\"breadcrumb\":{\"@id\":\"https:\\\/\\\/pizzeriabilbao.com\\\/#breadcrumb\"},\"inLanguage\":\"eu\",\"potentialAction\":[{\"@type\":\"ReadAction\",\"target\":[\"https:\\\/\\\/pizzeriabilbao.com\\\/\"]}]},{\"@type\":\"BreadcrumbList\",\"@id\":\"https:\\\/\\\/pizzeriabilbao.com\\\/#breadcrumb\",\"itemListElement\":[{\"@type\":\"ListItem\",\"position\":1,\"name\":\"Portada\",\"item\":\"https:\\\/\\\/pizzeriabilbao.com\\\/\"},{\"@type\":\"ListItem\",\"position\":2,\"name\":\"Inicio\"}]},{\"@type\":\"WebSite\",\"@id\":\"https:\\\/\\\/pizzeriabilbao.com\\\/#website\",\"url\":\"https:\\\/\\\/pizzeriabilbao.com\\\/\",\"name\":\"Pizzeria Bilbao\",\"description\":\"Pizzeria Bilbao\",\"publisher\":{\"@id\":\"https:\\\/\\\/pizzeriabilbao.com\\\/#organization\"},\"potentialAction\":[{\"@type\":\"SearchAction\",\"target\":{\"@type\":\"EntryPoint\",\"urlTemplate\":\"https:\\\/\\\/pizzeriabilbao.com\\\/?s={search_term_string}\"},\"query-input\":{\"@type\":\"PropertyValueSpecification\",\"valueRequired\":true,\"valueName\":\"search_term_string\"}}],\"inLanguage\":\"eu\"},{\"@type\":\"Organization\",\"@id\":\"https:\\\/\\\/pizzeriabilbao.com\\\/#organization\",\"name\":\"Pizzeria Bilbao\",\"url\":\"https:\\\/\\\/pizzeriabilbao.com\\\/\",\"logo\":{\"@type\":\"ImageObject\",\"inLanguage\":\"eu\",\"@id\":\"https:\\\/\\\/pizzeriabilbao.com\\\/#\\\/schema\\\/logo\\\/image\\\/\",\"url\":\"https:\\\/\\\/pizzeriabilbao.com\\\/wp-content\\\/uploads\\\/2026\\\/04\\\/logo_web.png\",\"contentUrl\":\"https:\\\/\\\/pizzeriabilbao.com\\\/wp-content\\\/uploads\\\/2026\\\/04\\\/logo_web.png\",\"width\":1080,\"height\":1080,\"caption\":\"Pizzeria Bilbao\"},\"image\":{\"@id\":\"https:\\\/\\\/pizzeriabilbao.com\\\/#\\\/schema\\\/logo\\\/image\\\/\"}}]}<\/script>\n<!-- \/ Yoast SEO plugin. -->","yoast_head_json":{"title":"Inicio - Pizzeria Bilbao","robots":{"index":"index","follow":"follow","max-snippet":"max-snippet:-1","max-image-preview":"max-image-preview:large","max-video-preview":"max-video-preview:-1"},"canonical":"https:\/\/pizzeriabilbao.com\/eu\/","og_locale":"en_US","og_type":"article","og_title":"Inicio - Pizzeria Bilbao","og_description":"\u00a1Las mejores Pizzas de Bilbo! \u00bfQui\u00e9nes Somos? Pizzer\u00eda Somos una pizzer\u00eda que lleva unos 3\/4 a\u00f1os deleitando a nuestros clientes en el encantador casco viejo de Bilbao, donde la tradici\u00f3n culinaria se mezcla con la alegr\u00eda de compartir buenos momentos. \u00a1Donde cada ingrediente tiene un prop\u00f3sito y cada bocado una historia! Servicios \u00a1El sabor que [&hellip;]","og_url":"https:\/\/pizzeriabilbao.com\/eu\/","og_site_name":"Pizzeria Bilbao","article_modified_time":"2026-04-10T13:48:20+00:00","twitter_card":"summary_large_image","twitter_misc":{"Est. reading time":"1 minutua"},"schema":{"@context":"https:\/\/schema.org","@graph":[{"@type":"WebPage","@id":"https:\/\/pizzeriabilbao.com\/","url":"https:\/\/pizzeriabilbao.com\/","name":"Inicio - Pizzeria Bilbao","isPartOf":{"@id":"https:\/\/pizzeriabilbao.com\/#website"},"datePublished":"2026-04-10T09:12:03+00:00","dateModified":"2026-04-10T13:48:20+00:00","breadcrumb":{"@id":"https:\/\/pizzeriabilbao.com\/#breadcrumb"},"inLanguage":"eu","potentialAction":[{"@type":"ReadAction","target":["https:\/\/pizzeriabilbao.com\/"]}]},{"@type":"BreadcrumbList","@id":"https:\/\/pizzeriabilbao.com\/#breadcrumb","itemListElement":[{"@type":"ListItem","position":1,"name":"Portada","item":"https:\/\/pizzeriabilbao.com\/"},{"@type":"ListItem","position":2,"name":"Inicio"}]},{"@type":"WebSite","@id":"https:\/\/pizzeriabilbao.com\/#website","url":"https:\/\/pizzeriabilbao.com\/","name":"Pizzeria Bilbao","description":"Pizzeria Bilbao","publisher":{"@id":"https:\/\/pizzeriabilbao.com\/#organization"},"potentialAction":[{"@type":"SearchAction","target":{"@type":"EntryPoint","urlTemplate":"https:\/\/pizzeriabilbao.com\/?s={search_term_string}"},"query-input":{"@type":"PropertyValueSpecification","valueRequired":true,"valueName":"search_term_string"}}],"inLanguage":"eu"},{"@type":"Organization","@id":"https:\/\/pizzeriabilbao.com\/#organization","name":"Pizzeria Bilbao","url":"https:\/\/pizzeriabilbao.com\/","logo":{"@type":"ImageObject","inLanguage":"eu","@id":"https:\/\/pizzeriabilbao.com\/#\/schema\/logo\/image\/","url":"https:\/\/pizzeriabilbao.com\/wp-content\/uploads\/2026\/04\/logo_web.png","contentUrl":"https:\/\/pizzeriabilbao.com\/wp-content\/uploads\/2026\/04\/logo_web.png","width":1080,"height":1080,"caption":"Pizzeria Bilbao"},"image":{"@id":"https:\/\/pizzeriabilbao.com\/#\/schema\/logo\/image\/"}}]}},"_links":{"self":[{"href":"https:\/\/pizzeriabilbao.com\/eu\/wp-json\/wp\/v2\/pages\/2","targetHints":{"allow":["GET"]}}],"collection":[{"href":"https:\/\/pizzeriabilbao.com\/eu\/wp-json\/wp\/v2\/pages"}],"about":[{"href":"https:\/\/pizzeriabilbao.com\/eu\/wp-json\/wp\/v2\/types\/page"}],"author":[{"embeddable":true,"href":"https:\/\/pizzeriabilbao.com\/eu\/wp-json\/wp\/v2\/users\/1"}],"replies":[{"embeddable":true,"href":"https:\/\/pizzeriabilbao.com\/eu\/wp-json\/wp\/v2\/comments?post=2"}],"version-history":[{"count":58,"href":"https:\/\/pizzeriabilbao.com\/eu\/wp-json\/wp\/v2\/pages\/2\/revisions"}],"predecessor-version":[{"id":325,"href":"https:\/\/pizzeriabilbao.com\/eu\/wp-json\/wp\/v2\/pages\/2\/revisions\/325"}],"wp:attachment":[{"href":"https:\/\/pizzeriabilbao.com\/eu\/wp-json\/wp\/v2\/media?parent=2"}],"curies":[{"name":"wp","href":"https:\/\/api.w.org\/{rel}","templated":true}]}}